{"id":40,"date":"2024-01-19T19:43:23","date_gmt":"2024-01-19T19:43:23","guid":{"rendered":"https:\/\/mil-tom.pl\/?page_id=40"},"modified":"2024-02-06T12:52:06","modified_gmt":"2024-02-06T12:52:06","slug":"kontakt","status":"publish","type":"page","link":"https:\/\/mil-tom.pl\/index.php\/kontakt\/","title":{"rendered":"Kontakt"},"content":{"rendered":"\t\t<div data-elementor-type=\"wp-page\" data-elementor-id=\"40\" class=\"elementor elementor-40\">\n\t\t\t\t<div class=\"elementor-element elementor-element-4d0450a e-flex e-con-boxed e-con e-parent\" data-id=\"4d0450a\" data-element_type=\"container\">\n\t\t\t\t\t<div class=\"e-con-inner\">\n\t\t<div class=\"elementor-element elementor-element-75c445f e-con-full e-flex e-con e-child\" data-id=\"75c445f\" data-element_type=\"container\">\n\t\t\t\t<div class=\"elementor-element elementor-element-3def7dd elementor-widget elementor-widget-text-editor\" data-id=\"3def7dd\" data-element_type=\"widget\" data-widget_type=\"text-editor.default\">\n\t\t\t\t<div class=\"elementor-widget-container\">\n\t\t\t\t\t\t\t\t\t<p><strong>MIL-TOM Tomasz Siemi\u0105tkowski<\/strong><\/p><p>10-089 Olsztyn<\/p><p>tel. 518 376 105<br \/>biuro@mil-tom.pl<\/p><p><strong>NIP:<\/strong> 739-378-49-52<\/p>\t\t\t\t\t\t\t\t<\/div>\n\t\t\t\t<\/div>\n\t\t\t\t<\/div>\n\t\t<div class=\"elementor-element elementor-element-4e9a3ae e-con-full e-flex e-con e-child\" data-id=\"4e9a3ae\" data-element_type=\"container\">\n\t\t\t\t<div class=\"elementor-element elementor-element-fb45c05 elementor-position-top elementor-widget elementor-widget-image-box\" data-id=\"fb45c05\" data-element_type=\"widget\" data-widget_type=\"image-box.default\">\n\t\t\t\t<div class=\"elementor-widget-container\">\n\t\t\t\t\t<div class=\"elementor-image-box-wrapper\"><figure class=\"elementor-image-box-img\"><img fetchpriority=\"high\" decoding=\"async\" width=\"2002\" height=\"2002\" src=\"https:\/\/mil-tom.pl\/wp-content\/uploads\/2024\/01\/vcard.png\" class=\"attachment-full size-full wp-image-119\" alt=\"\" srcset=\"https:\/\/mil-tom.pl\/wp-content\/uploads\/2024\/01\/vcard.png 2002w, https:\/\/mil-tom.pl\/wp-content\/uploads\/2024\/01\/vcard-300x300.png 300w, https:\/\/mil-tom.pl\/wp-content\/uploads\/2024\/01\/vcard-1024x1024.png 1024w, https:\/\/mil-tom.pl\/wp-content\/uploads\/2024\/01\/vcard-150x150.png 150w, https:\/\/mil-tom.pl\/wp-content\/uploads\/2024\/01\/vcard-768x768.png 768w, https:\/\/mil-tom.pl\/wp-content\/uploads\/2024\/01\/vcard-1536x1536.png 1536w\" sizes=\"(max-width: 2002px) 100vw, 2002px\" \/><\/figure><div class=\"elementor-image-box-content\"><p class=\"elementor-image-box-description\">Dodaj mnie do swoich kontakt\u00f3w w telefonie<div>Zeskanuj powy\u017cszy kod QR <\/div><\/p><\/div><\/div>\t\t\t\t<\/div>\n\t\t\t\t<\/div>\n\t\t\t\t<\/div>\n\t\t\t\t\t<\/div>\n\t\t\t\t<\/div>\n\t\t\t\t<\/div>\n\t\t","protected":false},"excerpt":{"rendered":"<p>MIL-TOM Tomasz Siemi\u0105tkowski 10-089 Olsztyn tel. 518 376 105 biuro@mil-tom.pl NIP: 739-378-49-52 Dodaj mnie do swoich kontakt\u00f3w w telefonieZeskanuj powy\u017cszy kod QR<\/p>\n","protected":false},"author":1,"featured_media":153,"parent":0,"menu_order":0,"comment_status":"closed","ping_status":"closed","template":"","meta":{"footnotes":""},"class_list":["post-40","page","type-page","status-publish","has-post-thumbnail","hentry"],"yoast_head":"<!-- This site is optimized with the Yoast SEO plugin v25.3 - https:\/\/yoast.com\/wordpress\/plugins\/seo\/ -->\n<title>Kontakt - MIL-TOM<\/title>\n<meta name=\"description\" content=\"Kontakt z Twoim wsparciem informatycznym MIL-TOM Tomasz Siemi\u0105tkowski\" \/>\n<meta name=\"robots\" content=\"index, follow, max-snippet:-1, max-image-preview:large, max-video-preview:-1\" \/>\n<link rel=\"canonical\" href=\"https:\/\/mil-tom.pl\/index.php\/kontakt\/\" \/>\n<meta property=\"og:locale\" content=\"pl_PL\" \/>\n<meta property=\"og:type\" content=\"article\" \/>\n<meta property=\"og:title\" content=\"Kontakt - MIL-TOM\" \/>\n<meta property=\"og:description\" content=\"Kontakt z Twoim wsparciem informatycznym MIL-TOM Tomasz Siemi\u0105tkowski\" \/>\n<meta property=\"og:url\" content=\"https:\/\/mil-tom.pl\/index.php\/kontakt\/\" \/>\n<meta property=\"og:site_name\" content=\"MIL-TOM\" \/>\n<meta property=\"article:publisher\" content=\"https:\/\/www.facebook.com\/MilTomInformatyk\/\" \/>\n<meta property=\"article:modified_time\" content=\"2024-02-06T12:52:06+00:00\" \/>\n<meta property=\"og:image\" content=\"https:\/\/mil-tom.pl\/wp-content\/uploads\/2024\/01\/cropped-computer-1220055_1920.jpg\" \/>\n\t<meta property=\"og:image:width\" content=\"1920\" \/>\n\t<meta property=\"og:image:height\" content=\"700\" \/>\n\t<meta property=\"og:image:type\" content=\"image\/jpeg\" \/>\n<meta name=\"twitter:card\" content=\"summary_large_image\" \/>\n<meta name=\"twitter:label1\" content=\"Szacowany czas czytania\" \/>\n\t<meta name=\"twitter:data1\" content=\"1 minuta\" \/>\n<script type=\"application\/ld+json\" class=\"yoast-schema-graph\">{\"@context\":\"https:\/\/schema.org\",\"@graph\":[{\"@type\":\"WebPage\",\"@id\":\"https:\/\/mil-tom.pl\/index.php\/kontakt\/\",\"url\":\"https:\/\/mil-tom.pl\/index.php\/kontakt\/\",\"name\":\"Kontakt - MIL-TOM\",\"isPartOf\":{\"@id\":\"https:\/\/mil-tom.pl\/#website\"},\"primaryImageOfPage\":{\"@id\":\"https:\/\/mil-tom.pl\/index.php\/kontakt\/#primaryimage\"},\"image\":{\"@id\":\"https:\/\/mil-tom.pl\/index.php\/kontakt\/#primaryimage\"},\"thumbnailUrl\":\"https:\/\/mil-tom.pl\/wp-content\/uploads\/2024\/01\/cropped-computer-1220055_1920.jpg\",\"datePublished\":\"2024-01-19T19:43:23+00:00\",\"dateModified\":\"2024-02-06T12:52:06+00:00\",\"description\":\"Kontakt z Twoim wsparciem informatycznym MIL-TOM Tomasz Siemi\u0105tkowski\",\"breadcrumb\":{\"@id\":\"https:\/\/mil-tom.pl\/index.php\/kontakt\/#breadcrumb\"},\"inLanguage\":\"pl-PL\",\"potentialAction\":[{\"@type\":\"ReadAction\",\"target\":[\"https:\/\/mil-tom.pl\/index.php\/kontakt\/\"]}]},{\"@type\":\"ImageObject\",\"inLanguage\":\"pl-PL\",\"@id\":\"https:\/\/mil-tom.pl\/index.php\/kontakt\/#primaryimage\",\"url\":\"https:\/\/mil-tom.pl\/wp-content\/uploads\/2024\/01\/cropped-computer-1220055_1920.jpg\",\"contentUrl\":\"https:\/\/mil-tom.pl\/wp-content\/uploads\/2024\/01\/cropped-computer-1220055_1920.jpg\",\"width\":1920,\"height\":700},{\"@type\":\"BreadcrumbList\",\"@id\":\"https:\/\/mil-tom.pl\/index.php\/kontakt\/#breadcrumb\",\"itemListElement\":[{\"@type\":\"ListItem\",\"position\":1,\"name\":\"Strona g\u0142\u00f3wna\",\"item\":\"https:\/\/mil-tom.pl\/\"},{\"@type\":\"ListItem\",\"position\":2,\"name\":\"Kontakt\"}]},{\"@type\":\"WebSite\",\"@id\":\"https:\/\/mil-tom.pl\/#website\",\"url\":\"https:\/\/mil-tom.pl\/\",\"name\":\"MIL-TOM\",\"description\":\"Tomasz Siemi\u0105tkowski\",\"publisher\":{\"@id\":\"https:\/\/mil-tom.pl\/#organization\"},\"potentialAction\":[{\"@type\":\"SearchAction\",\"target\":{\"@type\":\"EntryPoint\",\"urlTemplate\":\"https:\/\/mil-tom.pl\/?s={search_term_string}\"},\"query-input\":{\"@type\":\"PropertyValueSpecification\",\"valueRequired\":true,\"valueName\":\"search_term_string\"}}],\"inLanguage\":\"pl-PL\"},{\"@type\":\"Organization\",\"@id\":\"https:\/\/mil-tom.pl\/#organization\",\"name\":\"MIL-TOM\",\"url\":\"https:\/\/mil-tom.pl\/\",\"logo\":{\"@type\":\"ImageObject\",\"inLanguage\":\"pl-PL\",\"@id\":\"https:\/\/mil-tom.pl\/#\/schema\/logo\/image\/\",\"url\":\"https:\/\/mil-tom.pl\/wp-content\/uploads\/2024\/01\/cropped-2mil-tom-logo-old.jpg\",\"contentUrl\":\"https:\/\/mil-tom.pl\/wp-content\/uploads\/2024\/01\/cropped-2mil-tom-logo-old.jpg\",\"width\":205,\"height\":94,\"caption\":\"MIL-TOM\"},\"image\":{\"@id\":\"https:\/\/mil-tom.pl\/#\/schema\/logo\/image\/\"},\"sameAs\":[\"https:\/\/www.facebook.com\/MilTomInformatyk\/\"]}]}<\/script>\n<!-- \/ Yoast SEO plugin. -->","yoast_head_json":{"title":"Kontakt - MIL-TOM","description":"Kontakt z Twoim wsparciem informatycznym MIL-TOM Tomasz Siemi\u0105tkowski","robots":{"index":"index","follow":"follow","max-snippet":"max-snippet:-1","max-image-preview":"max-image-preview:large","max-video-preview":"max-video-preview:-1"},"canonical":"https:\/\/mil-tom.pl\/index.php\/kontakt\/","og_locale":"pl_PL","og_type":"article","og_title":"Kontakt - MIL-TOM","og_description":"Kontakt z Twoim wsparciem informatycznym MIL-TOM Tomasz Siemi\u0105tkowski","og_url":"https:\/\/mil-tom.pl\/index.php\/kontakt\/","og_site_name":"MIL-TOM","article_publisher":"https:\/\/www.facebook.com\/MilTomInformatyk\/","article_modified_time":"2024-02-06T12:52:06+00:00","og_image":[{"width":1920,"height":700,"url":"https:\/\/mil-tom.pl\/wp-content\/uploads\/2024\/01\/cropped-computer-1220055_1920.jpg","type":"image\/jpeg"}],"twitter_card":"summary_large_image","twitter_misc":{"Szacowany czas czytania":"1 minuta"},"schema":{"@context":"https:\/\/schema.org","@graph":[{"@type":"WebPage","@id":"https:\/\/mil-tom.pl\/index.php\/kontakt\/","url":"https:\/\/mil-tom.pl\/index.php\/kontakt\/","name":"Kontakt - MIL-TOM","isPartOf":{"@id":"https:\/\/mil-tom.pl\/#website"},"primaryImageOfPage":{"@id":"https:\/\/mil-tom.pl\/index.php\/kontakt\/#primaryimage"},"image":{"@id":"https:\/\/mil-tom.pl\/index.php\/kontakt\/#primaryimage"},"thumbnailUrl":"https:\/\/mil-tom.pl\/wp-content\/uploads\/2024\/01\/cropped-computer-1220055_1920.jpg","datePublished":"2024-01-19T19:43:23+00:00","dateModified":"2024-02-06T12:52:06+00:00","description":"Kontakt z Twoim wsparciem informatycznym MIL-TOM Tomasz Siemi\u0105tkowski","breadcrumb":{"@id":"https:\/\/mil-tom.pl\/index.php\/kontakt\/#breadcrumb"},"inLanguage":"pl-PL","potentialAction":[{"@type":"ReadAction","target":["https:\/\/mil-tom.pl\/index.php\/kontakt\/"]}]},{"@type":"ImageObject","inLanguage":"pl-PL","@id":"https:\/\/mil-tom.pl\/index.php\/kontakt\/#primaryimage","url":"https:\/\/mil-tom.pl\/wp-content\/uploads\/2024\/01\/cropped-computer-1220055_1920.jpg","contentUrl":"https:\/\/mil-tom.pl\/wp-content\/uploads\/2024\/01\/cropped-computer-1220055_1920.jpg","width":1920,"height":700},{"@type":"BreadcrumbList","@id":"https:\/\/mil-tom.pl\/index.php\/kontakt\/#breadcrumb","itemListElement":[{"@type":"ListItem","position":1,"name":"Strona g\u0142\u00f3wna","item":"https:\/\/mil-tom.pl\/"},{"@type":"ListItem","position":2,"name":"Kontakt"}]},{"@type":"WebSite","@id":"https:\/\/mil-tom.pl\/#website","url":"https:\/\/mil-tom.pl\/","name":"MIL-TOM","description":"Tomasz Siemi\u0105tkowski","publisher":{"@id":"https:\/\/mil-tom.pl\/#organization"},"potentialAction":[{"@type":"SearchAction","target":{"@type":"EntryPoint","urlTemplate":"https:\/\/mil-tom.pl\/?s={search_term_string}"},"query-input":{"@type":"PropertyValueSpecification","valueRequired":true,"valueName":"search_term_string"}}],"inLanguage":"pl-PL"},{"@type":"Organization","@id":"https:\/\/mil-tom.pl\/#organization","name":"MIL-TOM","url":"https:\/\/mil-tom.pl\/","logo":{"@type":"ImageObject","inLanguage":"pl-PL","@id":"https:\/\/mil-tom.pl\/#\/schema\/logo\/image\/","url":"https:\/\/mil-tom.pl\/wp-content\/uploads\/2024\/01\/cropped-2mil-tom-logo-old.jpg","contentUrl":"https:\/\/mil-tom.pl\/wp-content\/uploads\/2024\/01\/cropped-2mil-tom-logo-old.jpg","width":205,"height":94,"caption":"MIL-TOM"},"image":{"@id":"https:\/\/mil-tom.pl\/#\/schema\/logo\/image\/"},"sameAs":["https:\/\/www.facebook.com\/MilTomInformatyk\/"]}]}},"_links":{"self":[{"href":"https:\/\/mil-tom.pl\/index.php\/wp-json\/wp\/v2\/pages\/40","targetHints":{"allow":["GET"]}}],"collection":[{"href":"https:\/\/mil-tom.pl\/index.php\/wp-json\/wp\/v2\/pages"}],"about":[{"href":"https:\/\/mil-tom.pl\/index.php\/wp-json\/wp\/v2\/types\/page"}],"author":[{"embeddable":true,"href":"https:\/\/mil-tom.pl\/index.php\/wp-json\/wp\/v2\/users\/1"}],"replies":[{"embeddable":true,"href":"https:\/\/mil-tom.pl\/index.php\/wp-json\/wp\/v2\/comments?post=40"}],"version-history":[{"count":19,"href":"https:\/\/mil-tom.pl\/index.php\/wp-json\/wp\/v2\/pages\/40\/revisions"}],"predecessor-version":[{"id":248,"href":"https:\/\/mil-tom.pl\/index.php\/wp-json\/wp\/v2\/pages\/40\/revisions\/248"}],"wp:featuredmedia":[{"embeddable":true,"href":"https:\/\/mil-tom.pl\/index.php\/wp-json\/wp\/v2\/media\/153"}],"wp:attachment":[{"href":"https:\/\/mil-tom.pl\/index.php\/wp-json\/wp\/v2\/media?parent=40"}],"curies":[{"name":"wp","href":"https:\/\/api.w.org\/{rel}","templated":true}]}}