{"id":15,"date":"2024-01-19T19:19:04","date_gmt":"2024-01-19T19:19:04","guid":{"rendered":"https:\/\/mil-tom.pl\/index.php\/home\/"},"modified":"2024-02-06T12:59:32","modified_gmt":"2024-02-06T12:59:32","slug":"strona-glowna","status":"publish","type":"page","link":"https:\/\/mil-tom.pl\/","title":{"rendered":"Home"},"content":{"rendered":"","protected":false},"excerpt":{"rendered":"","protected":false},"author":1,"featured_media":0,"parent":0,"menu_order":0,"comment_status":"closed","ping_status":"closed","template":"","meta":{"footnotes":""},"class_list":["post-15","page","type-page","status-publish","hentry"],"yoast_head":"<!-- This site is optimized with the Yoast SEO plugin v25.3 - https:\/\/yoast.com\/wordpress\/plugins\/seo\/ -->\n<title>Home - MIL-TOM<\/title>\n<meta name=\"description\" content=\"Serwis komputerowy Olsztyn. Naprawa komputer\u00f3w i laptop\u00f3w. Informatyk Olsztyn. Us\u0142ugi informatyczne, wsparcie informatyczne\" \/>\n<meta name=\"robots\" content=\"index, follow, max-snippet:-1, max-image-preview:large, max-video-preview:-1\" \/>\n<link rel=\"canonical\" href=\"https:\/\/mil-tom.pl\/\" \/>\n<meta property=\"og:locale\" content=\"pl_PL\" \/>\n<meta property=\"og:type\" content=\"article\" \/>\n<meta property=\"og:title\" content=\"Home - MIL-TOM\" \/>\n<meta property=\"og:description\" content=\"Serwis komputerowy Olsztyn. Naprawa komputer\u00f3w i laptop\u00f3w. Informatyk Olsztyn. Us\u0142ugi informatyczne, wsparcie informatyczne\" \/>\n<meta property=\"og:url\" content=\"https:\/\/mil-tom.pl\/\" \/>\n<meta property=\"og:site_name\" content=\"MIL-TOM\" \/>\n<meta property=\"article:publisher\" content=\"https:\/\/www.facebook.com\/MilTomInformatyk\/\" \/>\n<meta property=\"article:modified_time\" content=\"2024-02-06T12:59:32+00:00\" \/>\n<meta name=\"twitter:card\" content=\"summary_large_image\" \/>\n<script type=\"application\/ld+json\" class=\"yoast-schema-graph\">{\"@context\":\"https:\/\/schema.org\",\"@graph\":[{\"@type\":\"WebPage\",\"@id\":\"https:\/\/mil-tom.pl\/\",\"url\":\"https:\/\/mil-tom.pl\/\",\"name\":\"Home - MIL-TOM\",\"isPartOf\":{\"@id\":\"https:\/\/mil-tom.pl\/#website\"},\"datePublished\":\"2024-01-19T19:19:04+00:00\",\"dateModified\":\"2024-02-06T12:59:32+00:00\",\"description\":\"Serwis komputerowy Olsztyn. Naprawa komputer\u00f3w i laptop\u00f3w. Informatyk Olsztyn. Us\u0142ugi informatyczne, wsparcie informatyczne\",\"breadcrumb\":{\"@id\":\"https:\/\/mil-tom.pl\/#breadcrumb\"},\"inLanguage\":\"pl-PL\",\"potentialAction\":[{\"@type\":\"ReadAction\",\"target\":[\"https:\/\/mil-tom.pl\/\"]}]},{\"@type\":\"BreadcrumbList\",\"@id\":\"https:\/\/mil-tom.pl\/#breadcrumb\",\"itemListElement\":[{\"@type\":\"ListItem\",\"position\":1,\"name\":\"Strona g\u0142\u00f3wna\",\"item\":\"https:\/\/mil-tom.pl\/\"},{\"@type\":\"ListItem\",\"position\":2,\"name\":\"Home\"}]},{\"@type\":\"WebSite\",\"@id\":\"https:\/\/mil-tom.pl\/#website\",\"url\":\"https:\/\/mil-tom.pl\/\",\"name\":\"MIL-TOM\",\"description\":\"Tomasz Siemi\u0105tkowski\",\"publisher\":{\"@id\":\"https:\/\/mil-tom.pl\/#organization\"},\"potentialAction\":[{\"@type\":\"SearchAction\",\"target\":{\"@type\":\"EntryPoint\",\"urlTemplate\":\"https:\/\/mil-tom.pl\/?s={search_term_string}\"},\"query-input\":{\"@type\":\"PropertyValueSpecification\",\"valueRequired\":true,\"valueName\":\"search_term_string\"}}],\"inLanguage\":\"pl-PL\"},{\"@type\":\"Organization\",\"@id\":\"https:\/\/mil-tom.pl\/#organization\",\"name\":\"MIL-TOM\",\"url\":\"https:\/\/mil-tom.pl\/\",\"logo\":{\"@type\":\"ImageObject\",\"inLanguage\":\"pl-PL\",\"@id\":\"https:\/\/mil-tom.pl\/#\/schema\/logo\/image\/\",\"url\":\"https:\/\/mil-tom.pl\/wp-content\/uploads\/2024\/01\/cropped-2mil-tom-logo-old.jpg\",\"contentUrl\":\"https:\/\/mil-tom.pl\/wp-content\/uploads\/2024\/01\/cropped-2mil-tom-logo-old.jpg\",\"width\":205,\"height\":94,\"caption\":\"MIL-TOM\"},\"image\":{\"@id\":\"https:\/\/mil-tom.pl\/#\/schema\/logo\/image\/\"},\"sameAs\":[\"https:\/\/www.facebook.com\/MilTomInformatyk\/\"]}]}<\/script>\n<!-- \/ Yoast SEO plugin. -->","yoast_head_json":{"title":"Home - MIL-TOM","description":"Serwis komputerowy Olsztyn. Naprawa komputer\u00f3w i laptop\u00f3w. Informatyk Olsztyn. Us\u0142ugi informatyczne, wsparcie informatyczne","robots":{"index":"index","follow":"follow","max-snippet":"max-snippet:-1","max-image-preview":"max-image-preview:large","max-video-preview":"max-video-preview:-1"},"canonical":"https:\/\/mil-tom.pl\/","og_locale":"pl_PL","og_type":"article","og_title":"Home - MIL-TOM","og_description":"Serwis komputerowy Olsztyn. Naprawa komputer\u00f3w i laptop\u00f3w. Informatyk Olsztyn. Us\u0142ugi informatyczne, wsparcie informatyczne","og_url":"https:\/\/mil-tom.pl\/","og_site_name":"MIL-TOM","article_publisher":"https:\/\/www.facebook.com\/MilTomInformatyk\/","article_modified_time":"2024-02-06T12:59:32+00:00","twitter_card":"summary_large_image","schema":{"@context":"https:\/\/schema.org","@graph":[{"@type":"WebPage","@id":"https:\/\/mil-tom.pl\/","url":"https:\/\/mil-tom.pl\/","name":"Home - MIL-TOM","isPartOf":{"@id":"https:\/\/mil-tom.pl\/#website"},"datePublished":"2024-01-19T19:19:04+00:00","dateModified":"2024-02-06T12:59:32+00:00","description":"Serwis komputerowy Olsztyn. Naprawa komputer\u00f3w i laptop\u00f3w. Informatyk Olsztyn. Us\u0142ugi informatyczne, wsparcie informatyczne","breadcrumb":{"@id":"https:\/\/mil-tom.pl\/#breadcrumb"},"inLanguage":"pl-PL","potentialAction":[{"@type":"ReadAction","target":["https:\/\/mil-tom.pl\/"]}]},{"@type":"BreadcrumbList","@id":"https:\/\/mil-tom.pl\/#breadcrumb","itemListElement":[{"@type":"ListItem","position":1,"name":"Strona g\u0142\u00f3wna","item":"https:\/\/mil-tom.pl\/"},{"@type":"ListItem","position":2,"name":"Home"}]},{"@type":"WebSite","@id":"https:\/\/mil-tom.pl\/#website","url":"https:\/\/mil-tom.pl\/","name":"MIL-TOM","description":"Tomasz Siemi\u0105tkowski","publisher":{"@id":"https:\/\/mil-tom.pl\/#organization"},"potentialAction":[{"@type":"SearchAction","target":{"@type":"EntryPoint","urlTemplate":"https:\/\/mil-tom.pl\/?s={search_term_string}"},"query-input":{"@type":"PropertyValueSpecification","valueRequired":true,"valueName":"search_term_string"}}],"inLanguage":"pl-PL"},{"@type":"Organization","@id":"https:\/\/mil-tom.pl\/#organization","name":"MIL-TOM","url":"https:\/\/mil-tom.pl\/","logo":{"@type":"ImageObject","inLanguage":"pl-PL","@id":"https:\/\/mil-tom.pl\/#\/schema\/logo\/image\/","url":"https:\/\/mil-tom.pl\/wp-content\/uploads\/2024\/01\/cropped-2mil-tom-logo-old.jpg","contentUrl":"https:\/\/mil-tom.pl\/wp-content\/uploads\/2024\/01\/cropped-2mil-tom-logo-old.jpg","width":205,"height":94,"caption":"MIL-TOM"},"image":{"@id":"https:\/\/mil-tom.pl\/#\/schema\/logo\/image\/"},"sameAs":["https:\/\/www.facebook.com\/MilTomInformatyk\/"]}]}},"_links":{"self":[{"href":"https:\/\/mil-tom.pl\/index.php\/wp-json\/wp\/v2\/pages\/15","targetHints":{"allow":["GET"]}}],"collection":[{"href":"https:\/\/mil-tom.pl\/index.php\/wp-json\/wp\/v2\/pages"}],"about":[{"href":"https:\/\/mil-tom.pl\/index.php\/wp-json\/wp\/v2\/types\/page"}],"author":[{"embeddable":true,"href":"https:\/\/mil-tom.pl\/index.php\/wp-json\/wp\/v2\/users\/1"}],"replies":[{"embeddable":true,"href":"https:\/\/mil-tom.pl\/index.php\/wp-json\/wp\/v2\/comments?post=15"}],"version-history":[{"count":1,"href":"https:\/\/mil-tom.pl\/index.php\/wp-json\/wp\/v2\/pages\/15\/revisions"}],"predecessor-version":[{"id":249,"href":"https:\/\/mil-tom.pl\/index.php\/wp-json\/wp\/v2\/pages\/15\/revisions\/249"}],"wp:attachment":[{"href":"https:\/\/mil-tom.pl\/index.php\/wp-json\/wp\/v2\/media?parent=15"}],"curies":[{"name":"wp","href":"https:\/\/api.w.org\/{rel}","templated":true}]}}